{"id":2121,"date":"2024-08-15T17:48:02","date_gmt":"2024-08-15T17:48:02","guid":{"rendered":"https:\/\/ripal.heatit.be\/dienstleistungen\/"},"modified":"2024-10-26T18:10:20","modified_gmt":"2024-10-26T18:10:20","slug":"dienstleistungen","status":"publish","type":"page","link":"https:\/\/www.ripal.be\/de\/dienstleistungen\/","title":{"rendered":"Dienstleistungen"},"content":{"rendered":"<p>[et_pb_section fb_built=&#8220;1&#8243; _builder_version=&#8220;4.27.0&#8243; _module_preset=&#8220;default&#8220; background_image=&#8220;https:\/\/ripal.be\/wp-content\/uploads\/2024\/08\/Banner-Ripal-Paletten.jpg&#8220; parallax=&#8220;on&#8220; parallax_method=&#8220;off&#8220; height=&#8220;15rem&#8220; hover_enabled=&#8220;0&#8243; global_colors_info=&#8220;{}&#8220; sticky_enabled=&#8220;0&#8243;][\/et_pb_section][et_pb_section fb_built=&#8220;1&#8243; _builder_version=&#8220;4.27.0&#8243; _module_preset=&#8220;default&#8220; global_colors_info=&#8220;{}&#8220;][et_pb_row _builder_version=&#8220;4.27.0&#8243; _module_preset=&#8220;default&#8220; hover_enabled=&#8220;0&#8243; global_colors_info=&#8220;{}&#8220; custom_padding=&#8220;0px||||false|false&#8220; sticky_enabled=&#8220;0&#8243;][et_pb_column type=&#8220;4_4&#8243; _builder_version=&#8220;4.27.0&#8243; _module_preset=&#8220;default&#8220; global_colors_info=&#8220;{}&#8220;][dsm_breadcrumbs _builder_version=&#8220;4.27.0&#8243; _module_preset=&#8220;default&#8220; hover_enabled=&#8220;0&#8243; sticky_enabled=&#8220;0&#8243;][\/dsm_breadcrumbs][et_pb_text _builder_version=&#8220;4.27.0&#8243; _module_preset=&#8220;default&#8220; hover_enabled=&#8220;0&#8243; sticky_enabled=&#8220;0&#8243; header_font_size=&#8220;36px&#8220;]<\/p>\n<h1>Verf\u00fcgbare Dienste<\/h1>\n<p>[\/et_pb_text][\/et_pb_column][\/et_pb_row][et_pb_row _builder_version=&#8220;4.27.0&#8243; _module_preset=&#8220;default&#8220; column_structure=&#8220;1_2,1_2&#8243; hover_enabled=&#8220;0&#8243; sticky_enabled=&#8220;0&#8243;][et_pb_column _builder_version=&#8220;4.27.0&#8243; _module_preset=&#8220;default&#8220; type=&#8220;1_2&#8243;][et_pb_text _builder_version=&#8220;4.27.0&#8243; _module_preset=&#8220;default&#8220; hover_enabled=&#8220;0&#8243; sticky_enabled=&#8220;0&#8243; header_font_size=&#8220;36px&#8220; header_2_font_size=&#8220;28px&#8220;]<\/p>\n<div class=\"blok row\">\n<div class=\"col-12\">\n<div modtype=\"text\" class=\"moduleTextContent module active\">\n<h2 class=\"line\"><span><strong>Paletten transportieren<\/strong><\/span><\/h2>\n<\/div>\n<\/div>\n<\/div>\n<div class=\"blok row\">\n<div class=\"col-12 col-md-6\">\n<div modtype=\"text\" class=\"moduleTextContent module active\">\n<div class=\"line\"><span>Wir bei Ripal wissen, wie wichtig ein effizienter und zuverl\u00e4ssiger Transport f\u00fcr den Kauf und Verkauf von Paletten ist. Unser Transportservice ist speziell auf Ihre Bed\u00fcrfnisse zugeschnitten, egal ob Sie Paletten f\u00fcr Ihr Unternehmen kaufen oder \u00fcbersch\u00fcssige Paletten verkaufen m\u00f6chten. Wir garantieren Ihnen eine nahtlose, sorgenfreie Erfahrung.  <\/span><\/div>\n<\/div>\n<\/div>\n<\/div>\n<p>[\/et_pb_text][\/et_pb_column][et_pb_column _builder_version=&#8220;4.27.0&#8243; _module_preset=&#8220;default&#8220; type=&#8220;1_2&#8243;][et_pb_image src=&#8220;https:\/\/ripal.be\/wp-content\/uploads\/2024\/08\/Ripal-Transport-Pallets-jpg.webp&#8220; _builder_version=&#8220;4.27.0&#8243; _module_preset=&#8220;default&#8220; alt=&#8220;Ripal Transport Paletten&#8220; title_text=&#8220;Ripal Transport Paletten&#8220; hover_enabled=&#8220;0&#8243; sticky_enabled=&#8220;0&#8243;][\/et_pb_image][\/et_pb_column][\/et_pb_row][et_pb_row _builder_version=&#8220;4.27.0&#8243; _module_preset=&#8220;default&#8220; column_structure=&#8220;1_2,1_2&#8243; hover_enabled=&#8220;0&#8243; sticky_enabled=&#8220;0&#8243;][et_pb_column _builder_version=&#8220;4.27.0&#8243; _module_preset=&#8220;default&#8220; type=&#8220;1_2&#8243;][et_pb_image src=&#8220;https:\/\/ripal.be\/wp-content\/uploads\/2024\/08\/Ripal-Plaatsing-aanhangwagen-jpg.webp&#8220; _builder_version=&#8220;4.27.0&#8243; _module_preset=&#8220;default&#8220; alt=&#8220;Ripal Installationsanh\u00e4nger&#8220; title_text=&#8220;Ripal Installationsanh\u00e4nger&#8220; hover_enabled=&#8220;0&#8243; sticky_enabled=&#8220;0&#8243;][\/et_pb_image][\/et_pb_column][et_pb_column _builder_version=&#8220;4.27.0&#8243; _module_preset=&#8220;default&#8220; type=&#8220;1_2&#8243;][et_pb_text _builder_version=&#8220;4.27.0&#8243; _module_preset=&#8220;default&#8220; hover_enabled=&#8220;0&#8243; sticky_enabled=&#8220;0&#8243; header_font_size=&#8220;36px&#8220; header_2_font_size=&#8220;28px&#8220;]<\/p>\n<div class=\"blok row\">\n<div class=\"col-12\">\n<div modtype=\"text\" class=\"moduleTextContent module active\">\n<h2 class=\"line\"><strong><span>Platzierung des Anh\u00e4ngers<\/span><\/strong><\/h2>\n<\/div>\n<\/div>\n<\/div>\n<div class=\"blok row\">\n<div class=\"col-12 col-md-6\">\n<div modtype=\"text\" class=\"moduleTextContent module active\">\n<div class=\"line\">\n<div class=\"line\"><span>Wir bei Ripal sind nicht nur bestrebt, unseren Kunden einen erstklassigen Palettenservice zu bieten, sondern auch innovative L\u00f6sungen, die das Palettenmanagement einfacher und effizienter machen. Wir sind stolz darauf, Ihnen unseren einzigartigen Anh\u00e4ngerservice vorstellen zu k\u00f6nnen, eine flexible und bequeme M\u00f6glichkeit, Ihren Palettenbedarf zu verwalten. Gr\u00f6\u00dfte Vorteile f\u00fcr Sie als Kunde: Flexibilit\u00e4t, Effizienz und Kosteneinsparungen  <\/span><\/div>\n<div class=\"line\"><span><em> <\/em><\/span><\/div>\n<div class=\"line\">\n<h3>Wie funktioniert es?<\/h3>\n<p><strong>Aufstellen eines Anh\u00e4ngers:<\/strong> Auf Ihren Wunsch hin stellen wir einen Ripal-Anh\u00e4nger an einem Ort Ihrer Wahl auf Ihrem Betriebsgel\u00e4nde auf. Dieser Service ist ideal f\u00fcr Unternehmen, die regelm\u00e4\u00dfig Paletten abholen, sei es, um Waren anzuliefern oder \u00fcbersch\u00fcssige Paletten zu entsorgen. <\/p>\n<p><strong>Beladen Sie nach Belieben:<\/strong> Sie und Ihr Team k\u00f6nnen den Anh\u00e4nger in Ihrem eigenen Tempo bef\u00fcllen, d.h. Sie haben die volle Kontrolle \u00fcber das Beladen der Paletten. Damit entf\u00e4llt die Notwendigkeit, sofort Platz f\u00fcr die Lagerung von Paletten freizumachen, und es entsteht ein geordneteres Gesch\u00e4ftsumfeld. <\/p>\n<p><strong>Abholung und Ersatz:<\/strong> Sobald der Anh\u00e4nger fast voll ist, kontaktieren Sie einfach Ripal. Wir holen den vollen Anh\u00e4nger ab und tauschen ihn bei Bedarf gegen einen leeren aus, so dass Ihr Betrieb \u00fcberhaupt nicht unterbrochen wird. Dies gew\u00e4hrleistet eine kontinuierliche Effizienz, ohne dass Sie sich um den Transport von Paletten k\u00fcmmern m\u00fcssen.  <\/p>\n<\/div>\n<\/div>\n<\/div>\n<\/div>\n<\/div>\n<p>[\/et_pb_text][\/et_pb_column][\/et_pb_row][et_pb_row _builder_version=&#8220;4.27.0&#8243; _module_preset=&#8220;default&#8220; column_structure=&#8220;1_2,1_2&#8243; hover_enabled=&#8220;0&#8243; sticky_enabled=&#8220;0&#8243;][et_pb_column _builder_version=&#8220;4.27.0&#8243; _module_preset=&#8220;default&#8220; type=&#8220;1_2&#8243;][et_pb_text _builder_version=&#8220;4.27.0&#8243; _module_preset=&#8220;default&#8220; hover_enabled=&#8220;0&#8243; sticky_enabled=&#8220;0&#8243; header_font_size=&#8220;36px&#8220; header_2_font_size=&#8220;28px&#8220;]<\/p>\n<div class=\"blok row\">\n<div class=\"col-12\">\n<div modtype=\"text\" class=\"moduleTextContent module active\">\n<h2 class=\"line\"><strong><span>Reparatur und Sortierung von Paletten<\/span><\/strong><\/h2>\n<\/div>\n<\/div>\n<\/div>\n<div class=\"blok row\">\n<div class=\"col-12 col-md-6\">\n<div modtype=\"text\" class=\"moduleTextContent module active\">\n<div class=\"line\">\n<div class=\"line\">\n<div class=\"col-12 col-md-6\">\n<div modtype=\"text\" class=\"moduleTextContent module active\">\n<div class=\"line\">\n<p><span>Wir bei Ripal wissen, wie wichtig Nachhaltigkeit und Effizienz f\u00fcr die Lieferkette Ihres Unternehmens sind. Deshalb bieten wir nicht nur hochwertige Palettentransportdienste, sondern auch professionelle Palettenreparatur- und Sortierdienste. Unsere Dienstleistungen sind darauf ausgerichtet, die Lebensdauer Ihrer Paletten zu verl\u00e4ngern und gleichzeitig Ihre betriebliche Effizienz zu verbessern.  <\/p>\n<p><strong>Palettenreparatur <\/strong>: Paletten k\u00f6nnen im Laufe der Zeit durch den normalen Gebrauch besch\u00e4digt werden. Unser Team aus erfahrenen Technikern kann besch\u00e4digte Paletten schnell und effizient reparieren, so dass sie wieder wie neu funktionieren. Wir verwenden f\u00fcr unsere Reparaturen nur hochwertige Materialien, um sicherzustellen, dass die reparierten Paletten wieder vollst\u00e4ndig Ihren Anforderungen entsprechen.  <\/p>\n<p><strong>Palettensortierung<\/strong>: Ein geordneter Palettenbestand ist entscheidend f\u00fcr effiziente Abl\u00e4ufe. Unser Sortierservice hilft Ihnen, Ihre Paletten nach Gr\u00f6\u00dfe, Art und Zustand zu klassifizieren. Dies erleichtert die Auswahl der richtigen Paletten f\u00fcr jede Aufgabe und reduziert den Zeitaufwand f\u00fcr die Verwaltung Ihres Palettenbestands.  <\/span><\/div>\n<\/div>\n<\/div>\n<div class=\"col-12 col-md-6\"><\/div>\n<\/div>\n<\/div>\n<\/div>\n<\/div>\n<\/div>\n<p>[\/et_pb_text][\/et_pb_column][et_pb_column _builder_version=&#8220;4.27.0&#8243; _module_preset=&#8220;default&#8220; type=&#8220;1_2&#8243;][et_pb_image src=&#8220;https:\/\/ripal.be\/wp-content\/uploads\/2024\/08\/Herstelling-en-sortering-van-Pallets-jpg.webp&#8220; _builder_version=&#8220;4.27.0&#8243; _module_preset=&#8220;default&#8220; alt=&#8220;Reparatur und Sortierung von Paletten&#8220; title_text=&#8220;Reparatur und Sortierung von Paletten&#8220; hover_enabled=&#8220;0&#8243; sticky_enabled=&#8220;0&#8243;][\/et_pb_image][\/et_pb_column][\/et_pb_row][\/et_pb_section]<\/p>\n","protected":false},"excerpt":{"rendered":"<p><div class=\"et_pb_module dsm_breadcrumbs dsm_breadcrumbs_0\">\n\t\t\t\t\n\t\t\t\t\n\t\t\t\t\n\t\t\t\t\n\t\t\t\t\n\t\t\t\t\n\t\t\t\t<div class=\"et_pb_module_inner\">\n\t\t\t\t\t<nav class=\"dsm_breadcrumbs_wrap\" role=\"navigation\" itemscope=\"\" itemtype=\"http:\/\/schema.org\/SiteNavigationElement\">\n\t\t\t\t<ul class=\"dsm_breadcrumbs\">\t\t\t<li class='dsm_breadcrumbs_item dsm_home_item dsm_home_item_custom'>\n\t\t\t\t<a href=\"https:\/\/www.ripal.be\/de\/\" itemprop=\"url\" target=\"\">\n\t\t\t\t\t<span class='dsm_home_text_wrapper'>\n\t\t\t\t\t\t\t\t\t\t\t\t\t<span class=\"et-pb-icon dsm_home_icon\">\ue009<\/span>\n\t\t\t\t\t\t\t\t\t\t\t\t\t<span class=\"dsm_home_text\" itemprop=\"name\">\n\t\t\t\t\t\t\t\tHome\t\t\t\t\t\t\t<\/span>\n\t\t\t\t\t<\/span>\n\t\t\t\t<\/a>\n\t\t\t<\/li>\n\n\t\t<li class=\"dsm_breadcrumbs_separator\"> <span class=\"et-pb-icon dsm_separator_icon\">5<\/span><\/li><\/ul>\n\t\t\t<\/nav>\n\t\t\t\t<\/div>\n\t\t\t<\/div>Verf\u00fcgbare Dienste Paletten transportieren Wir bei Ripal wissen, wie wichtig ein effizienter und zuverl\u00e4ssiger Transport f\u00fcr den Kauf und Verkauf von Paletten ist. Unser Transportservice ist speziell auf Ihre Bed\u00fcrfnisse zugeschnitten, egal ob Sie Paletten f\u00fcr Ihr Unternehmen kaufen oder \u00fcbersch\u00fcssige Paletten verkaufen m\u00f6chten. Wir garantieren Ihnen eine nahtlose, sorgenfreie Erfahrung. Platzierung des Anh\u00e4ngers Wir bei Ripal sind nicht nur bestrebt, unseren Kunden einen erstklassigen Palettenservice zu bieten, sondern auch innovative L\u00f6sungen, die das Palettenmanagement einfacher und effizienter machen. Wir sind stolz darauf, Ihnen unseren einzigartigen Anh\u00e4ngerservice vorstellen zu k\u00f6nnen, eine flexible und bequeme M\u00f6glichkeit, Ihren Palettenbedarf zu verwalten. Gr\u00f6\u00dfte Vorteile f\u00fcr Sie als Kunde: Flexibilit\u00e4t, Effizienz und Kosteneinsparungen Wie funktioniert es? Aufstellen eines Anh\u00e4ngers: Auf Ihren Wunsch hin stellen wir einen Ripal-Anh\u00e4nger an einem Ort Ihrer Wahl auf Ihrem Betriebsgel\u00e4nde auf. Dieser Service ist ideal f\u00fcr Unternehmen, die regelm\u00e4\u00dfig Paletten abholen, sei es, um Waren anzuliefern oder \u00fcbersch\u00fcssige Paletten zu entsorgen. Beladen Sie nach Belieben: Sie und Ihr Team k\u00f6nnen den Anh\u00e4nger in Ihrem eigenen Tempo bef\u00fcllen, d.h. Sie haben die volle Kontrolle \u00fcber das Beladen der Paletten. Damit entf\u00e4llt die Notwendigkeit, sofort Platz f\u00fcr die Lagerung von Paletten freizumachen, und es entsteht ein geordneteres [&hellip;]<\/p>\n","protected":false},"author":1,"featured_media":0,"parent":0,"menu_order":0,"comment_status":"closed","ping_status":"closed","template":"","meta":{"_et_pb_use_builder":"on","_et_pb_old_content":"","_et_gb_content_width":"","inline_featured_image":false,"footnotes":""},"class_list":["post-2121","page","type-page","status-publish","hentry"],"yoast_head":"<!-- This site is optimized with the Yoast SEO plugin v23.9 - https:\/\/yoast.com\/wordpress\/plugins\/seo\/ -->\n<title>Dienstleistungen - Ripal<\/title>\n<meta name=\"robots\" content=\"index, follow, max-snippet:-1, max-image-preview:large, max-video-preview:-1\" \/>\n<link rel=\"canonical\" href=\"https:\/\/www.ripal.be\/diensten\/\" \/>\n<meta property=\"og:locale\" content=\"de_DE\" \/>\n<meta property=\"og:type\" content=\"article\" \/>\n<meta property=\"og:title\" content=\"Dienstleistungen - Ripal\" \/>\n<meta property=\"og:description\" content=\"Verf\u00fcgbare Dienste Paletten transportieren Wir bei Ripal wissen, wie wichtig ein effizienter und zuverl\u00e4ssiger Transport f\u00fcr den Kauf und Verkauf von Paletten ist. Unser Transportservice ist speziell auf Ihre Bed\u00fcrfnisse zugeschnitten, egal ob Sie Paletten f\u00fcr Ihr Unternehmen kaufen oder \u00fcbersch\u00fcssige Paletten verkaufen m\u00f6chten. Wir garantieren Ihnen eine nahtlose, sorgenfreie Erfahrung. Platzierung des Anh\u00e4ngers Wir bei Ripal sind nicht nur bestrebt, unseren Kunden einen erstklassigen Palettenservice zu bieten, sondern auch innovative L\u00f6sungen, die das Palettenmanagement einfacher und effizienter machen. Wir sind stolz darauf, Ihnen unseren einzigartigen Anh\u00e4ngerservice vorstellen zu k\u00f6nnen, eine flexible und bequeme M\u00f6glichkeit, Ihren Palettenbedarf zu verwalten. Gr\u00f6\u00dfte Vorteile f\u00fcr Sie als Kunde: Flexibilit\u00e4t, Effizienz und Kosteneinsparungen Wie funktioniert es? Aufstellen eines Anh\u00e4ngers: Auf Ihren Wunsch hin stellen wir einen Ripal-Anh\u00e4nger an einem Ort Ihrer Wahl auf Ihrem Betriebsgel\u00e4nde auf. Dieser Service ist ideal f\u00fcr Unternehmen, die regelm\u00e4\u00dfig Paletten abholen, sei es, um Waren anzuliefern oder \u00fcbersch\u00fcssige Paletten zu entsorgen. Beladen Sie nach Belieben: Sie und Ihr Team k\u00f6nnen den Anh\u00e4nger in Ihrem eigenen Tempo bef\u00fcllen, d.h. Sie haben die volle Kontrolle \u00fcber das Beladen der Paletten. Damit entf\u00e4llt die Notwendigkeit, sofort Platz f\u00fcr die Lagerung von Paletten freizumachen, und es entsteht ein geordneteres [&hellip;]\" \/>\n<meta property=\"og:url\" content=\"https:\/\/www.ripal.be\/diensten\/\" \/>\n<meta property=\"og:site_name\" content=\"Ripal\" \/>\n<meta property=\"article:modified_time\" content=\"2024-10-26T18:10:20+00:00\" \/>\n<meta name=\"twitter:card\" content=\"summary_large_image\" \/>\n<meta name=\"twitter:label1\" content=\"Gesch\u00e4tzte Lesezeit\" \/>\n\t<meta name=\"twitter:data1\" content=\"4\u00a0Minuten\" \/>\n<script type=\"application\/ld+json\" class=\"yoast-schema-graph\">{\"@context\":\"https:\/\/schema.org\",\"@graph\":[{\"@type\":\"WebPage\",\"@id\":\"https:\/\/www.ripal.be\/diensten\/\",\"url\":\"https:\/\/www.ripal.be\/diensten\/\",\"name\":\"Dienstleistungen - Ripal\",\"isPartOf\":{\"@id\":\"https:\/\/www.ripal.be\/#website\"},\"datePublished\":\"2024-08-15T17:48:02+00:00\",\"dateModified\":\"2024-10-26T18:10:20+00:00\",\"breadcrumb\":{\"@id\":\"https:\/\/www.ripal.be\/diensten\/#breadcrumb\"},\"inLanguage\":\"de\",\"potentialAction\":[{\"@type\":\"ReadAction\",\"target\":[\"https:\/\/www.ripal.be\/diensten\/\"]}]},{\"@type\":\"BreadcrumbList\",\"@id\":\"https:\/\/www.ripal.be\/diensten\/#breadcrumb\",\"itemListElement\":[{\"@type\":\"ListItem\",\"position\":1,\"name\":\"Home\",\"item\":\"https:\/\/www.ripal.be\/\"},{\"@type\":\"ListItem\",\"position\":2,\"name\":\"Dienstleistungen\"}]},{\"@type\":\"WebSite\",\"@id\":\"https:\/\/www.ripal.be\/#website\",\"url\":\"https:\/\/www.ripal.be\/\",\"name\":\"Ripal\",\"description\":\"Onze passie draagt de uwe!\",\"potentialAction\":[{\"@type\":\"SearchAction\",\"target\":{\"@type\":\"EntryPoint\",\"urlTemplate\":\"https:\/\/www.ripal.be\/?s={search_term_string}\"},\"query-input\":{\"@type\":\"PropertyValueSpecification\",\"valueRequired\":true,\"valueName\":\"search_term_string\"}}],\"inLanguage\":\"de\"}]}<\/script>\n<!-- \/ Yoast SEO plugin. -->","yoast_head_json":{"title":"Dienstleistungen - Ripal","robots":{"index":"index","follow":"follow","max-snippet":"max-snippet:-1","max-image-preview":"max-image-preview:large","max-video-preview":"max-video-preview:-1"},"canonical":"https:\/\/www.ripal.be\/diensten\/","og_locale":"de_DE","og_type":"article","og_title":"Dienstleistungen - Ripal","og_description":"Verf\u00fcgbare Dienste Paletten transportieren Wir bei Ripal wissen, wie wichtig ein effizienter und zuverl\u00e4ssiger Transport f\u00fcr den Kauf und Verkauf von Paletten ist. Unser Transportservice ist speziell auf Ihre Bed\u00fcrfnisse zugeschnitten, egal ob Sie Paletten f\u00fcr Ihr Unternehmen kaufen oder \u00fcbersch\u00fcssige Paletten verkaufen m\u00f6chten. Wir garantieren Ihnen eine nahtlose, sorgenfreie Erfahrung. Platzierung des Anh\u00e4ngers Wir bei Ripal sind nicht nur bestrebt, unseren Kunden einen erstklassigen Palettenservice zu bieten, sondern auch innovative L\u00f6sungen, die das Palettenmanagement einfacher und effizienter machen. Wir sind stolz darauf, Ihnen unseren einzigartigen Anh\u00e4ngerservice vorstellen zu k\u00f6nnen, eine flexible und bequeme M\u00f6glichkeit, Ihren Palettenbedarf zu verwalten. Gr\u00f6\u00dfte Vorteile f\u00fcr Sie als Kunde: Flexibilit\u00e4t, Effizienz und Kosteneinsparungen Wie funktioniert es? Aufstellen eines Anh\u00e4ngers: Auf Ihren Wunsch hin stellen wir einen Ripal-Anh\u00e4nger an einem Ort Ihrer Wahl auf Ihrem Betriebsgel\u00e4nde auf. Dieser Service ist ideal f\u00fcr Unternehmen, die regelm\u00e4\u00dfig Paletten abholen, sei es, um Waren anzuliefern oder \u00fcbersch\u00fcssige Paletten zu entsorgen. Beladen Sie nach Belieben: Sie und Ihr Team k\u00f6nnen den Anh\u00e4nger in Ihrem eigenen Tempo bef\u00fcllen, d.h. Sie haben die volle Kontrolle \u00fcber das Beladen der Paletten. Damit entf\u00e4llt die Notwendigkeit, sofort Platz f\u00fcr die Lagerung von Paletten freizumachen, und es entsteht ein geordneteres [&hellip;]","og_url":"https:\/\/www.ripal.be\/diensten\/","og_site_name":"Ripal","article_modified_time":"2024-10-26T18:10:20+00:00","twitter_card":"summary_large_image","twitter_misc":{"Gesch\u00e4tzte Lesezeit":"4\u00a0Minuten"},"schema":{"@context":"https:\/\/schema.org","@graph":[{"@type":"WebPage","@id":"https:\/\/www.ripal.be\/diensten\/","url":"https:\/\/www.ripal.be\/diensten\/","name":"Dienstleistungen - Ripal","isPartOf":{"@id":"https:\/\/www.ripal.be\/#website"},"datePublished":"2024-08-15T17:48:02+00:00","dateModified":"2024-10-26T18:10:20+00:00","breadcrumb":{"@id":"https:\/\/www.ripal.be\/diensten\/#breadcrumb"},"inLanguage":"de","potentialAction":[{"@type":"ReadAction","target":["https:\/\/www.ripal.be\/diensten\/"]}]},{"@type":"BreadcrumbList","@id":"https:\/\/www.ripal.be\/diensten\/#breadcrumb","itemListElement":[{"@type":"ListItem","position":1,"name":"Home","item":"https:\/\/www.ripal.be\/"},{"@type":"ListItem","position":2,"name":"Dienstleistungen"}]},{"@type":"WebSite","@id":"https:\/\/www.ripal.be\/#website","url":"https:\/\/www.ripal.be\/","name":"Ripal","description":"Onze passie draagt de uwe!","potentialAction":[{"@type":"SearchAction","target":{"@type":"EntryPoint","urlTemplate":"https:\/\/www.ripal.be\/?s={search_term_string}"},"query-input":{"@type":"PropertyValueSpecification","valueRequired":true,"valueName":"search_term_string"}}],"inLanguage":"de"}]}},"_links":{"self":[{"href":"https:\/\/www.ripal.be\/de\/wp-json\/wp\/v2\/pages\/2121","targetHints":{"allow":["GET"]}}],"collection":[{"href":"https:\/\/www.ripal.be\/de\/wp-json\/wp\/v2\/pages"}],"about":[{"href":"https:\/\/www.ripal.be\/de\/wp-json\/wp\/v2\/types\/page"}],"author":[{"embeddable":true,"href":"https:\/\/www.ripal.be\/de\/wp-json\/wp\/v2\/users\/1"}],"replies":[{"embeddable":true,"href":"https:\/\/www.ripal.be\/de\/wp-json\/wp\/v2\/comments?post=2121"}],"version-history":[{"count":2,"href":"https:\/\/www.ripal.be\/de\/wp-json\/wp\/v2\/pages\/2121\/revisions"}],"predecessor-version":[{"id":2125,"href":"https:\/\/www.ripal.be\/de\/wp-json\/wp\/v2\/pages\/2121\/revisions\/2125"}],"wp:attachment":[{"href":"https:\/\/www.ripal.be\/de\/wp-json\/wp\/v2\/media?parent=2121"}],"curies":[{"name":"wp","href":"https:\/\/api.w.org\/{rel}","templated":true}]}}